{"id":241,"date":"2020-05-02T19:24:12","date_gmt":"2020-05-02T17:24:12","guid":{"rendered":"http:\/\/paroisse-oisans.fr\/?page_id=241"},"modified":"2025-02-04T11:30:08","modified_gmt":"2025-02-04T10:30:08","slug":"prier-et-celebrer","status":"publish","type":"page","link":"https:\/\/paroisse-oisans.fr\/index.php\/prier-et-celebrer\/","title":{"rendered":"Prier"},"content":{"rendered":"<p>[et_pb_section fb_built=&#8221;1&#8243; fullwidth=&#8221;on&#8221; admin_label=&#8221;Header&#8221; _builder_version=&#8221;4.4.3&#8243; background_image=&#8221;http:\/\/paroisse-oisans.fr\/wp-content\/uploads\/2020\/05\/DSCF4372-4.jpg&#8221; background_position=&#8221;top_center&#8221; width=&#8221;100%&#8221; max_width=&#8221;100%&#8221; module_alignment=&#8221;center&#8221; min_height=&#8221;128px&#8221; height=&#8221;379px&#8221; max_height=&#8221;1000px&#8221; custom_margin=&#8221;0px||||false|false&#8221; global_module=&#8221;535&#8243; global_colors_info=&#8221;{}&#8221;][et_pb_fullwidth_header title=&#8221;Paroisse Saint Bernard en Oisans&#8221; subhead=&#8221;Dioc\u00e8se de Grenoble-Vienne&#8221; text_orientation=&#8221;center&#8221; _builder_version=&#8221;4.13.0&#8243; title_font=&#8221;Didact Gothic||||||||&#8221; title_text_align=&#8221;center&#8221; title_font_size=&#8221;45px&#8221; title_line_height=&#8221;2.5em&#8221; content_font=&#8221;||||||||&#8221; content_font_size=&#8221;16px&#8221; content_line_height=&#8221;2em&#8221; subhead_font=&#8221;Didact Gothic||||||||&#8221; subhead_font_size=&#8221;32px&#8221; subhead_line_height=&#8221;2.9em&#8221; background_color=&#8221;rgba(0,0,0,0)&#8221; use_background_color_gradient=&#8221;on&#8221; background_color_gradient_start=&#8221;rgba(102,133,221,0.39)&#8221; background_color_gradient_end=&#8221;rgba(58,37,51,0.26)&#8221; background_color_gradient_type=&#8221;radial&#8221; background_color_gradient_end_position=&#8221;75%&#8221; custom_button_one=&#8221;on&#8221; button_one_text_size=&#8221;16px&#8221; button_one_text_color=&#8221;#ffffff&#8221; button_one_bg_color=&#8221;#a0beef&#8221; button_one_border_width=&#8221;8px&#8221; button_one_border_color=&#8221;rgba(0,0,0,0)&#8221; button_one_border_radius=&#8221;0px&#8221; button_one_letter_spacing=&#8221;3px&#8221; button_one_font=&#8221;Didact Gothic|700||on|||||&#8221; button_one_use_icon=&#8221;off&#8221; custom_button_two=&#8221;on&#8221; button_two_text_size=&#8221;16px&#8221; button_two_text_color=&#8221;#34587c&#8221; button_two_bg_color=&#8221;#ffffff&#8221; button_two_border_width=&#8221;8px&#8221; button_two_border_color=&#8221;rgba(0,0,0,0)&#8221; button_two_border_radius=&#8221;0px&#8221; button_two_letter_spacing=&#8221;3px&#8221; button_two_font=&#8221;Didact Gothic|700||on|||||&#8221; button_two_icon=&#8221;&#x49;||divi||400&#8243; button_two_icon_placement=&#8221;left&#8221; button_two_on_hover=&#8221;off&#8221; width=&#8221;100%&#8221; max_width=&#8221;100%&#8221; module_alignment=&#8221;center&#8221; min_height=&#8221;381px&#8221; custom_padding=&#8221;3vw||0vw|||&#8221; custom_padding_tablet=&#8221;&#8221; custom_padding_phone=&#8221;||80px&#8221; custom_padding_last_edited=&#8221;on|phone&#8221; animation_style=&#8221;fade&#8221; animation_starting_opacity=&#8221;45%&#8221; title_font_size_tablet=&#8221;40px&#8221; title_font_size_phone=&#8221;30px&#8221; title_font_size_last_edited=&#8221;on|phone&#8221; subhead_font_size_tablet=&#8221;&#8221; subhead_font_size_phone=&#8221;18px&#8221; subhead_font_size_last_edited=&#8221;on|phone&#8221; global_colors_info=&#8221;{}&#8221;][\/et_pb_fullwidth_header][\/et_pb_section][et_pb_section fb_built=&#8221;1&#8243; disabled_on=&#8221;on|on|off&#8221; admin_label=&#8221;Services&#8221; _builder_version=&#8221;4.4.3&#8243; background_image=&#8221;http:\/\/paroisse-oisans.fr\/wp-content\/uploads\/2020\/04\/church-03.jpg&#8221; background_size=&#8221;initial&#8221; background_position=&#8221;top_center&#8221; custom_padding=&#8221;0|0px|0px|0px|false|false&#8221; global_colors_info=&#8221;{}&#8221;][et_pb_row disabled_on=&#8221;on|on|off&#8221; _builder_version=&#8221;4.4.3&#8243; global_module=&#8221;392&#8243; saved_tabs=&#8221;all&#8221; global_colors_info=&#8221;{}&#8221;][et_pb_column type=&#8221;4_4&#8243; _builder_version=&#8221;4.4.3&#8243; global_colors_info=&#8221;{}&#8221;][\/et_pb_column][\/et_pb_row][\/et_pb_section][et_pb_section fb_built=&#8221;1&#8243; _builder_version=&#8221;4.4.3&#8243; custom_padding=&#8221;||0px|||&#8221; global_colors_info=&#8221;{}&#8221;][et_pb_row _builder_version=&#8221;4.4.3&#8243; global_colors_info=&#8221;{}&#8221;][et_pb_column type=&#8221;4_4&#8243; _builder_version=&#8221;4.4.3&#8243; global_colors_info=&#8221;{}&#8221;][et_pb_text _builder_version=&#8221;4.4.3&#8243; text_font=&#8221;|700|||||||&#8221; header_font_size=&#8221;50px&#8221; header_text_shadow_style=&#8221;preset1&#8243; global_colors_info=&#8221;{}&#8221;]<\/p>\n<h2><strong>Prier et c\u00e9l\u00e9brer<\/strong><\/h2>\n<p>[\/et_pb_text][\/et_pb_column][\/et_pb_row][et_pb_row column_structure=&#8221;3_5,2_5&#8243; _builder_version=&#8221;4.4.3&#8243; global_colors_info=&#8221;{}&#8221;][et_pb_column type=&#8221;3_5&#8243; _builder_version=&#8221;4.4.3&#8243; global_colors_info=&#8221;{}&#8221;][et_pb_text _builder_version=&#8221;4.4.3&#8243; text_text_color=&#8221;#000000&#8243; background_color=&#8221;rgba(165,226,196,0.34)&#8221; global_colors_info=&#8221;{}&#8221;]<\/p>\n<table id=\"igsv-19Rmr2FiSdwX8j2gL8E1OdwOv5uAjfe9Sc4x4qIkwpGM\" class=\"igsv-table\" lang=\"fr-FR\" style=\"\" ><thead>\n<tr id=\"igsv-19Rmr2FiSdwX8j2gL8E1OdwOv5uAjfe9Sc4x4qIkwpGM-row-1\" class=\"row-1 odd\"><th class=\"col-1 odd\"><div>M\u00e9ditation N\u00b0 6 : Si tu d\u00e9sires voir Dieu, tu as d\u00e9j\u00e0 la foi. (St Augustin)<\/div><\/th><\/tr><\/thead><tbody>\n<\/tbody><\/table>\n<p>[\/et_pb_text][\/et_pb_column][et_pb_column type=&#8221;2_5&#8243; _builder_version=&#8221;4.4.3&#8243; global_colors_info=&#8221;{}&#8221;][et_pb_button button_url=&#8221;\/index.php\/meditations\/&#8221; button_text=&#8221;Voir toutes les m\u00e9ditations&#8221; button_alignment=&#8221;center&#8221; _builder_version=&#8221;4.4.3&#8243; custom_button=&#8221;on&#8221; button_text_size=&#8221;24px&#8221; button_text_color=&#8221;#78e2ad&#8221; button_border_width=&#8221;5px&#8221; button_border_radius=&#8221;30px&#8221; global_colors_info=&#8221;{}&#8221;][\/et_pb_button][\/et_pb_column][\/et_pb_row][et_pb_row column_structure=&#8221;3_5,2_5&#8243; _builder_version=&#8221;4.4.3&#8243; width=&#8221;100%&#8221; global_colors_info=&#8221;{}&#8221;][et_pb_column type=&#8221;3_5&#8243; _builder_version=&#8221;4.4.3&#8243; global_colors_info=&#8221;{}&#8221;][et_pb_text _builder_version=&#8221;4.4.3&#8243; text_font=&#8221;|700|||||||&#8221; header_font_size=&#8221;50px&#8221; header_text_shadow_style=&#8221;preset1&#8243; global_colors_info=&#8221;{}&#8221;]<\/p>\n<p>&nbsp;<\/p>\n<h3>Horaire des messes<\/h3>\n<p>[\/et_pb_text][et_pb_text _builder_version=&#8221;4.14.7&#8243; text_text_color=&#8221;#000000&#8243; text_font_size=&#8221;18px&#8221; background_color=&#8221;rgba(139,202,221,0.49)&#8221; width=&#8221;100%&#8221; max_width=&#8221;100%&#8221; module_alignment=&#8221;left&#8221; custom_margin=&#8221;0px||||false|false&#8221; hover_enabled=&#8221;0&#8243; border_width_all=&#8221;1px&#8221; global_colors_info=&#8221;{}&#8221; sticky_enabled=&#8221;0&#8243;]<\/p>\n<table id=\"igsv-1-19Rmr2FiSdwX8j2gL8E1OdwOv5uAjfe9Sc4x4qIkwpGM\" class=\"igsv-table\" lang=\"fr-FR\" style=\"\" ><thead>\n<tr id=\"igsv-1-19Rmr2FiSdwX8j2gL8E1OdwOv5uAjfe9Sc4x4qIkwpGM-row-1\" class=\"row-1 odd\"><th class=\"col-1 odd\"><div> sam. 11\/04 \u00e0 18 h 30<\/div><\/th><th class=\"col-2 even\"><div>Rioup\u00e9roux<\/div><\/th><th class=\"col-3 odd\"><div><\/div><\/th><\/tr><\/thead><tbody>\n<tr id=\"igsv-1-19Rmr2FiSdwX8j2gL8E1OdwOv5uAjfe9Sc4x4qIkwpGM-row-2\" class=\"row-2 even\"><td class=\"col-1 odd\"> dim. 12\/04 \u00e0 9 h 15<\/td><td class=\"col-2 even\">Clavans le hautMizoen<\/td><td class=\"col-3 odd\"><\/td><\/tr><tr id=\"igsv-1-19Rmr2FiSdwX8j2gL8E1OdwOv5uAjfe9Sc4x4qIkwpGM-row-3\" class=\"row-3 odd\"><td class=\"col-1 odd\"> dim. 12\/04 \u00e0 11 h <\/td><td class=\"col-2 even\">Bourg d&#039;oisans<\/td><td class=\"col-3 odd\"><\/td><\/tr><tr id=\"igsv-1-19Rmr2FiSdwX8j2gL8E1OdwOv5uAjfe9Sc4x4qIkwpGM-row-4\" class=\"row-4 even\"><td class=\"col-1 odd\"> dim. 12\/04 \u00e0 18 h 15<\/td><td class=\"col-2 even\">Alpe d&#039;Huez<\/td><td class=\"col-3 odd\">   + Confessions de 17H30 \u00e0 18H<\/td><\/tr><tr id=\"igsv-1-19Rmr2FiSdwX8j2gL8E1OdwOv5uAjfe9Sc4x4qIkwpGM-row-5\" class=\"row-5 odd\"><td class=\"col-1 odd\"> lun. 13\/04 \u00e0 18 h <\/td><td class=\"col-2 even\">Les Deux Alpes<\/td><td class=\"col-3 odd\">Messe du dimanche   + Confessions de 17H15 \u00e0 17H45<\/td><\/tr><\/tbody><\/table>\n<p>[\/et_pb_text][\/et_pb_column][et_pb_column type=&#8221;2_5&#8243; _builder_version=&#8221;4.4.3&#8243; global_colors_info=&#8221;{}&#8221;][et_pb_sidebar show_border=&#8221;off&#8221; _builder_version=&#8221;4.14.7&#8243; body_text_color=&#8221;#000000&#8243; background_color=&#8221;#9bc0bc&#8221; use_background_color_gradient=&#8221;on&#8221; background_color_gradient_start=&#8221;#bcd6dd&#8221; background_color_gradient_end=&#8221;#99cddd&#8221; background_color_gradient_direction=&#8221;52deg&#8221; text_orientation=&#8221;left&#8221; min_height=&#8221;43px&#8221; custom_margin=&#8221;||-3px|||&#8221; filter_hue_rotate=&#8221;15deg&#8221; filter_saturate=&#8221;60%&#8221; filter_brightness=&#8221;106%&#8221; filter_sepia=&#8221;17%&#8221; global_colors_info=&#8221;{}&#8221;][\/et_pb_sidebar][\/et_pb_column][\/et_pb_row][\/et_pb_section]<\/p>\n","protected":false},"excerpt":{"rendered":"<p>Prier et c\u00e9l\u00e9brer<table id=\"igsv-2-19Rmr2FiSdwX8j2gL8E1OdwOv5uAjfe9Sc4x4qIkwpGM\" class=\"igsv-table\" lang=\"fr-FR\" style=\"\" ><thead>\n<tr id=\"igsv-2-19Rmr2FiSdwX8j2gL8E1OdwOv5uAjfe9Sc4x4qIkwpGM-row-1\" class=\"row-1 odd\"><th class=\"col-1 odd\"><div>M\u00e9ditation N\u00b0 6 : Si tu d\u00e9sires voir Dieu, tu as d\u00e9j\u00e0 la foi. (St Augustin)<\/div><\/th><\/tr><\/thead><tbody>\n<\/tbody><\/table>&nbsp; Horaire des messes<table id=\"igsv-3-19Rmr2FiSdwX8j2gL8E1OdwOv5uAjfe9Sc4x4qIkwpGM\" class=\"igsv-table\" lang=\"fr-FR\" style=\"\" ><thead>\n<tr id=\"igsv-3-19Rmr2FiSdwX8j2gL8E1OdwOv5uAjfe9Sc4x4qIkwpGM-row-1\" class=\"row-1 odd\"><th class=\"col-1 odd\"><div> sam. 11\/04 \u00e0 18 h 30<\/div><\/th><th class=\"col-2 even\"><div>Rioup\u00e9roux<\/div><\/th><th class=\"col-3 odd\"><div><\/div><\/th><\/tr><\/thead><tbody>\n<tr id=\"igsv-3-19Rmr2FiSdwX8j2gL8E1OdwOv5uAjfe9Sc4x4qIkwpGM-row-2\" class=\"row-2 even\"><td class=\"col-1 odd\"> dim. 12\/04 \u00e0 9 h 15<\/td><td class=\"col-2 even\">Clavans le hautMizoen<\/td><td class=\"col-3 odd\"><\/td><\/tr><tr id=\"igsv-3-19Rmr2FiSdwX8j2gL8E1OdwOv5uAjfe9Sc4x4qIkwpGM-row-3\" class=\"row-3 odd\"><td class=\"col-1 odd\"> dim. 12\/04 \u00e0 11 h <\/td><td class=\"col-2 even\">Bourg d&#039;oisans<\/td><td class=\"col-3 odd\"><\/td><\/tr><tr id=\"igsv-3-19Rmr2FiSdwX8j2gL8E1OdwOv5uAjfe9Sc4x4qIkwpGM-row-4\" class=\"row-4 even\"><td class=\"col-1 odd\"> dim. 12\/04 \u00e0 18 h 15<\/td><td class=\"col-2 even\">Alpe d&#039;Huez<\/td><td class=\"col-3 odd\">   + Confessions de 17H30 \u00e0 18H<\/td><\/tr><tr id=\"igsv-3-19Rmr2FiSdwX8j2gL8E1OdwOv5uAjfe9Sc4x4qIkwpGM-row-5\" class=\"row-5 odd\"><td class=\"col-1 odd\"> lun. 13\/04 \u00e0 18 h <\/td><td class=\"col-2 even\">Les Deux Alpes<\/td><td class=\"col-3 odd\">Messe du dimanche   + Confessions de 17H15 \u00e0 17H45<\/td><\/tr><\/tbody><\/table><\/p>\n","protected":false},"author":1,"featured_media":0,"parent":0,"menu_order":0,"comment_status":"closed","ping_status":"closed","template":"","meta":{"_et_pb_use_builder":"on","_et_pb_old_content":"","_et_gb_content_width":"","footnotes":""},"class_list":["post-241","page","type-page","status-publish","hentry"],"_links":{"self":[{"href":"https:\/\/paroisse-oisans.fr\/index.php\/wp-json\/wp\/v2\/pages\/241","targetHints":{"allow":["GET"]}}],"collection":[{"href":"https:\/\/paroisse-oisans.fr\/index.php\/wp-json\/wp\/v2\/pages"}],"about":[{"href":"https:\/\/paroisse-oisans.fr\/index.php\/wp-json\/wp\/v2\/types\/page"}],"author":[{"embeddable":true,"href":"https:\/\/paroisse-oisans.fr\/index.php\/wp-json\/wp\/v2\/users\/1"}],"replies":[{"embeddable":true,"href":"https:\/\/paroisse-oisans.fr\/index.php\/wp-json\/wp\/v2\/comments?post=241"}],"version-history":[{"count":49,"href":"https:\/\/paroisse-oisans.fr\/index.php\/wp-json\/wp\/v2\/pages\/241\/revisions"}],"predecessor-version":[{"id":865,"href":"https:\/\/paroisse-oisans.fr\/index.php\/wp-json\/wp\/v2\/pages\/241\/revisions\/865"}],"wp:attachment":[{"href":"https:\/\/paroisse-oisans.fr\/index.php\/wp-json\/wp\/v2\/media?parent=241"}],"curies":[{"name":"wp","href":"https:\/\/api.w.org\/{rel}","templated":true}]}}